{"id":50,"date":"2017-08-18T20:27:52","date_gmt":"2017-08-18T20:27:52","guid":{"rendered":"https:\/\/tkvulpes.hr\/?page_id=50"},"modified":"2019-08-17T22:10:35","modified_gmt":"2019-08-17T22:10:35","slug":"obavijesti","status":"publish","type":"page","link":"https:\/\/tkvulpes.hr\/index.html\/obavijesti\/","title":{"rendered":"Obavijesti"},"content":{"rendered":"<div class=\"entry-content\">\n<p>18.08.2019.<\/p>\n<p>Pozivamo Vas na turnir do 10 godina koji \u0107e se odr\u017eati na TC Maksimir od 24. do 25. kolovoza 2019.<\/p>\n<p>Rok prijave je \u010detvrtak 22.08. do 12:00 sati\u00a0 putem <a href=\"https:\/\/goo.gl\/forms\/JvMFdu9q5m5F0E7m1\">WEB obrasca<\/a>\u00a0 ili na mail : tkvulpes@tkvulpes.hr<\/p>\n<div>VA\u017dNO: Prema Zakonu o sportu RH \u010clanak 71. http:\/\/www.zakon.hr\/z\/300\/Zakon-o-sportu<\/div>\n<div>SVI NATJECATELJI MORAJU IMATI utvr\u0111enu op\u0107u zdravstvenu sposobnost ne stariju od<\/div>\n<div>6 mjeseci. Potvrdu je potrebno predo\u010diti na osobnoj prijavi!<\/div>\n<div>\n<hr \/>\n<\/div>\n<div><\/div>\n<p>18.08.2018.<\/p>\n<p>Pozivamo Vas na turnir do 10 godina koji \u0107e se odr\u017eati na TC Maksimir od 25. do 26. kolovoza 2018.<\/p>\n<p>Rok prijave je \u010detvrtak 23.08. do 12:00 sati\u00a0 putem <a href=\"https:\/\/goo.gl\/forms\/JvMFdu9q5m5F0E7m1\">WEB obrasca<\/a>\u00a0 ili na mail : tkvulpes@tkvulpes.hr<\/p>\n<div>VA\u017dNO: Prema Zakonu o sportu RH \u010clanak 71. http:\/\/www.zakon.hr\/z\/300\/Zakon-o-sportu<\/div>\n<div>SVI NATJECATELJI MORAJU IMATI utvr\u0111enu op\u0107u zdravstvenu sposobnost ne stariju od<\/div>\n<div>6 mjeseci. <span style=\"color: #ff0000;\">Potvrdu je potrebno predo\u010diti na osobnoj prijavi<\/span>!<\/div>\n<div>\n<hr \/>\n<\/div>\n<p>18.08.2017.<\/p>\n<p>Pozivamo Vas na turnir do 16 godina \u201eMemorijal Lea Habunek\u201c za djevoj\u010dice i dje\u010dake do 16 godina od 01.-05.09.2017. koji \u0107e se odr\u017eati na TC Maksimir.<\/p>\n<p>Rok prijave je srijeda, 30.08.2017.\u00a0 do 14:00 sati\u00a0 (<strong><u>putem CRO pin-a<\/u><\/strong>)<\/p>\n<p><a href=\"http:\/\/hts.hr\/pin\/files\/propozicije_490_1109.pdf\">Propozicije<\/a><\/p>\n<p>18.08.2017.<\/p>\n<p>Pozivamo Vas na turnir do 10 godina koji \u0107e se odr\u017eati na TC Maksimir od 26. do 27. kolovoza 2017.<\/p>\n<p>Rok prijave je \u010detvrtak 24.08. do 12:00 sati\u00a0 putem <a href=\"https:\/\/docs.google.com\/forms\/d\/e\/1FAIpQLSfRpzJcZDhVNPTTcN4s6sT1rCWzUSlhtPztpsmdRIuvNWVHSw\/viewform\">WEB obrasca<\/a>\u00a0 ili na mail : nikola@tkvulpes.hr<\/p>\n<\/div>\n<p><a href=\"http:\/\/www.zgtenis.hr\/Media\/Default\/Rezultati%20do%2010g.%2016-17\/21.%20OP%20TK%20VULPES\/13propVUL.pdf\">Propozicije<\/a><\/p>\n<div class=\"entry-content\">\n<hr \/>\n<p>24.08.2016.<\/p>\n<p>Pozivamo Vas na turnir do 10 godina koji \u0107e se odr\u017eati na TC Maksimir od 27. do 28. kolovoza 2016.<\/p>\n<p>Rok prijave je \u010detvrtak 25.08. do 12:00 sati putem web obrasca:<\/p>\n<p>https:\/\/goo.gl\/forms\/mICvdO8H7pIiqDBP2.<\/p>\n<p><a href=\"http:\/\/www.zgtenis.hr\/uploads\/kolovoz2016\/propozicije_OP_TK_VULPES_do_10g.pdf\" target=\"_blank\" rel=\"noopener\">Propozicije <\/a><strong><br \/>\n<\/strong><\/p>\n<p>NAPOMENA: Prema Zakonu o sportu RH \u010clanak 71. http:\/\/www.zakon.hr\/z\/300\/Zakon-o-sportu SVI NATJECATELJI MORAJU IMATI utvr\u0111enu op\u0107u zdravstvenu sposobnost ne\u00a0\u00a0\u00a0\u00a0\u00a0\u00a0\u00a0\u00a0\u00a0\u00a0\u00a0 stariju od 6 mjeseci.<\/p>\n<p>25.03.2016.<\/p>\n<p>Pozivamo Vas na turnir do 8 godina koji \u0107e se odr\u017eati 22.05.2016. na TC Maksimir\u00a0 (tereni 16 i 17)<\/p>\n<p>Rok prijave na email\u00a0 najkasnije do petka do 12:00<\/p>\n<p>osobne prijave od 9:15 \u2013 9:45 na dan natjecanja<\/p>\n<p>e-mail: darija@tkvulpes.hr<\/p>\n<p><a href=\"http:\/\/www.zgtenis.hr\/uploads\/svibanj2016\/propozicije_turnira_do_8_godina__OP_VULPES22.05.2016.pdf\" target=\"_blank\" rel=\"noopener\">Propozicije <\/a><\/p>\n<p>25.03.2016.<\/p>\n<p>Pozivamo Vas na turnir do 10 godina koji \u0107e se odr\u017eati na TC Maksimir od (01.)02.-04.04.2016.<\/p>\n<p>Rok prijave je \u010detvrtak 31.03.2016. do 17 sati .<\/p>\n<p>Prijeve na e-mail: darija@tkvulpes.hr<\/p>\n<p><a href=\"http:\/\/www.hts.hr\/images\/stories\/KALENDARI\/2016\/14\/P14_20160401_VUL.pdf\" target=\"_blank\" rel=\"noopener\">Propozicije <\/a><\/p>\n<p>25.08.2015.<\/p>\n<p>Pozivamo Vas na turnir do 10 godina koji \u0107e se odr\u017eati na TC Maksimir od 29. do 30. kolovoza 2015.<\/p>\n<p>Rok prijave je petak 28.08.\u00a0 do 12:00 sati .<\/p>\n<p>Prijeve na e-mail: darija@tkvulpes.hr ili mob:\u00a0\u00a0 098 354 777<\/p>\n<p><a href=\"http:\/\/www.zgtenis.hr\/uploads\/kolovoz2015\/OP_VULPES_do_10_godina_2015.doc\" target=\"_blank\" rel=\"noopener\">Propozicije <\/a><strong><br \/>\n<\/strong><\/p>\n<hr \/>\n<p>20.08.2015.<\/p>\n<p><img loading=\"lazy\" decoding=\"async\" class=\"alignnone size-full wp-image-87\" src=\"https:\/\/tkvulpes.hr\/wp-content\/uploads\/2017\/08\/obavijest.jpg\" alt=\"\" width=\"1708\" height=\"2094\" srcset=\"https:\/\/tkvulpes.hr\/wp-content\/uploads\/2017\/08\/obavijest.jpg 1708w, https:\/\/tkvulpes.hr\/wp-content\/uploads\/2017\/08\/obavijest-245x300.jpg 245w, https:\/\/tkvulpes.hr\/wp-content\/uploads\/2017\/08\/obavijest-768x942.jpg 768w, https:\/\/tkvulpes.hr\/wp-content\/uploads\/2017\/08\/obavijest-835x1024.jpg 835w\" sizes=\"(max-width: 1708px) 100vw, 1708px\" \/><\/p>\n<\/div>\n","protected":false},"excerpt":{"rendered":"<p>18.08.2019. Pozivamo Vas na turnir do 10 godina koji \u0107e se odr\u017eati na TC Maksimir od 24. do 25. kolovoza 2019. Rok prijave je \u010detvrtak 22.08. do 12:00 sati\u00a0 putem WEB obrasca\u00a0 ili na mail : tkvulpes@tkvulpes.hr VA\u017dNO: Prema Zakonu o sportu RH \u010clanak 71. http:\/\/www.zakon.hr\/z\/300\/Zakon-o-sportu SVI NATJECATELJI MORAJU IMATI utvr\u0111enu op\u0107u zdravstvenu sposobnost ne &hellip; <a href=\"https:\/\/tkvulpes.hr\/index.html\/obavijesti\/\" class=\"more-link\">Continue reading <span class=\"screen-reader-text\">Obavijesti<\/span> <span class=\"meta-nav\">&rarr;<\/span><\/a><\/p>\n","protected":false},"author":1,"featured_media":0,"parent":0,"menu_order":0,"comment_status":"closed","ping_status":"closed","template":"","meta":{"footnotes":""},"_links":{"self":[{"href":"https:\/\/tkvulpes.hr\/index.html\/wp-json\/wp\/v2\/pages\/50"}],"collection":[{"href":"https:\/\/tkvulpes.hr\/index.html\/wp-json\/wp\/v2\/pages"}],"about":[{"href":"https:\/\/tkvulpes.hr\/index.html\/wp-json\/wp\/v2\/types\/page"}],"author":[{"embeddable":true,"href":"https:\/\/tkvulpes.hr\/index.html\/wp-json\/wp\/v2\/users\/1"}],"replies":[{"embeddable":true,"href":"https:\/\/tkvulpes.hr\/index.html\/wp-json\/wp\/v2\/comments?post=50"}],"version-history":[{"count":15,"href":"https:\/\/tkvulpes.hr\/index.html\/wp-json\/wp\/v2\/pages\/50\/revisions"}],"predecessor-version":[{"id":201,"href":"https:\/\/tkvulpes.hr\/index.html\/wp-json\/wp\/v2\/pages\/50\/revisions\/201"}],"wp:attachment":[{"href":"https:\/\/tkvulpes.hr\/index.html\/wp-json\/wp\/v2\/media?parent=50"}],"curies":[{"name":"wp","href":"https:\/\/api.w.org\/{rel}","templated":true}]}}