{"id":54,"date":"2017-08-18T20:27:52","date_gmt":"2017-08-18T20:27:52","guid":{"rendered":"https:\/\/tkvulpes.hr\/?page_id=54"},"modified":"2023-12-19T11:03:46","modified_gmt":"2023-12-19T11:03:46","slug":"treneri","status":"publish","type":"page","link":"https:\/\/tkvulpes.hr\/index.html\/treneri\/","title":{"rendered":"Treneri"},"content":{"rendered":"<p><a href=\"https:\/\/tkvulpes.hr\/index.html\/darija-deskovic-miskovic\/\">Darija De\u0161kovi\u0107 Mi\u0161kovi\u0107<\/a><\/p>\n<p><a href=\"https:\/\/tkvulpes.hr\/index.html\/anita-uzelac\/\">Anita Uzelac<\/a><\/p>\n<p><a href=\"https:\/\/tkvulpes.hr\/index.html\/darija-deskovic-miskovic\/\">Lejla Hod\u017ei\u0107<\/a><\/p>\n","protected":false},"excerpt":{"rendered":"<p>Darija De\u0161kovi\u0107 Mi\u0161kovi\u0107 Anita Uzelac Lejla Hod\u017ei\u0107<\/p>\n","protected":false},"author":1,"featured_media":0,"parent":0,"menu_order":0,"comment_status":"closed","ping_status":"closed","template":"","meta":{"footnotes":""},"_links":{"self":[{"href":"https:\/\/tkvulpes.hr\/index.html\/wp-json\/wp\/v2\/pages\/54"}],"collection":[{"href":"https:\/\/tkvulpes.hr\/index.html\/wp-json\/wp\/v2\/pages"}],"about":[{"href":"https:\/\/tkvulpes.hr\/index.html\/wp-json\/wp\/v2\/types\/page"}],"author":[{"embeddable":true,"href":"https:\/\/tkvulpes.hr\/index.html\/wp-json\/wp\/v2\/users\/1"}],"replies":[{"embeddable":true,"href":"https:\/\/tkvulpes.hr\/index.html\/wp-json\/wp\/v2\/comments?post=54"}],"version-history":[{"count":4,"href":"https:\/\/tkvulpes.hr\/index.html\/wp-json\/wp\/v2\/pages\/54\/revisions"}],"predecessor-version":[{"id":207,"href":"https:\/\/tkvulpes.hr\/index.html\/wp-json\/wp\/v2\/pages\/54\/revisions\/207"}],"wp:attachment":[{"href":"https:\/\/tkvulpes.hr\/index.html\/wp-json\/wp\/v2\/media?parent=54"}],"curies":[{"name":"wp","href":"https:\/\/api.w.org\/{rel}","templated":true}]}}